{"id":2,"date":"2016-12-17T11:25:31","date_gmt":"2016-12-17T11:25:31","guid":{"rendered":"http:\/\/akorzeniowska.pl\/?page_id=2"},"modified":"2017-11-24T08:00:08","modified_gmt":"2017-11-24T07:00:08","slug":"home","status":"publish","type":"page","link":"https:\/\/akorzeniowska.pl\/","title":{"rendered":"Home"},"content":{"rendered":"<p>Cenimy Jako\u015b\u0107 A naszym klientom oferujemy mi\u0119so zawsze \u015bwie\u017ce i zawsze na czas! ANNA KORZENIOWSKA Kim Jeste\u015bmy W roku 1995 Anna Korzeniowska &#8211; w\u0142a\u015bciciel firmy wychodz\u0105c naprzeciw zapotrzebowaniom rynkowym, zarejestrowa\u0142 dzia\u0142alno\u015b\u0107 gospodarcz\u0105 w Kutnie w wojew\u00f3dz <a href=\"https:\/\/akorzeniowska.pl\/\" title=\"Read more on Home\" class=\"more-link\">read more<\/a><\/p>\n","protected":false},"excerpt":{"rendered":"<p>Cenimy Jako\u015b\u0107 A naszym klientom oferujemy mi\u0119so zawsze \u015bwie\u017ce i zawsze na czas! ANNA KORZENIOWSKA Kim Jeste\u015bmy W roku 1995 Anna Korzeniowska &#8211; w\u0142a\u015bciciel firmy wychodz\u0105c naprzeciw zapotrzebowaniom rynkowym, zarejestrowa\u0142 dzia\u0142alno\u015b\u0107 gospodarcz\u0105 w Kutnie w wojew\u00f3dz read more<\/p>\n","protected":false},"author":1,"featured_media":0,"parent":0,"menu_order":0,"comment_status":"closed","ping_status":"open","template":"","meta":[],"_links":{"self":[{"href":"https:\/\/akorzeniowska.pl\/index.php?rest_route=\/wp\/v2\/pages\/2"}],"collection":[{"href":"https:\/\/akorzeniowska.pl\/index.php?rest_route=\/wp\/v2\/pages"}],"about":[{"href":"https:\/\/akorzeniowska.pl\/index.php?rest_route=\/wp\/v2\/types\/page"}],"author":[{"embeddable":true,"href":"https:\/\/akorzeniowska.pl\/index.php?rest_route=\/wp\/v2\/users\/1"}],"replies":[{"embeddable":true,"href":"https:\/\/akorzeniowska.pl\/index.php?rest_route=%2Fwp%2Fv2%2Fcomments&post=2"}],"version-history":[{"count":4,"href":"https:\/\/akorzeniowska.pl\/index.php?rest_route=\/wp\/v2\/pages\/2\/revisions"}],"predecessor-version":[{"id":1971,"href":"https:\/\/akorzeniowska.pl\/index.php?rest_route=\/wp\/v2\/pages\/2\/revisions\/1971"}],"wp:attachment":[{"href":"https:\/\/akorzeniowska.pl\/index.php?rest_route=%2Fwp%2Fv2%2Fmedia&parent=2"}],"curies":[{"name":"wp","href":"https:\/\/api.w.org\/{rel}","templated":true}]}}