{"id":48,"date":"2016-12-17T12:37:55","date_gmt":"2016-12-17T12:37:55","guid":{"rendered":"http:\/\/akorzeniowska.pl\/?page_id=48"},"modified":"2017-11-23T08:08:11","modified_gmt":"2017-11-23T07:08:11","slug":"o-firmie","status":"publish","type":"page","link":"https:\/\/akorzeniowska.pl\/?page_id=48","title":{"rendered":"O firmie"},"content":{"rendered":"<p>Kilka s\u0142\u00f3w o naszej dzia\u0142alno\u015bci PHU ANNA KORZENIOWSKA jest firm\u0105 zajmuj\u0105c\u0105 si\u0119 mi\u0119dzynarodowym handlem wo\u0142owin\u0105, wieprzowin\u0105 i drobiem. W roku 1995 w\u0142a\u015bciciel firmy wychodz\u0105c naprzeciw zapotrzebowaniom rynkowym, zarejestrowa\u0142 dzia\u0142alno\u015b\u0107 gospodarcz\u0105 w miejscowo\u015bci Kutn <a href=\"https:\/\/akorzeniowska.pl\/?page_id=48\" title=\"Read more on O firmie\" class=\"more-link\">read more<\/a><\/p>\n","protected":false},"excerpt":{"rendered":"<p>Kilka s\u0142\u00f3w o naszej dzia\u0142alno\u015bci PHU ANNA KORZENIOWSKA jest firm\u0105 zajmuj\u0105c\u0105 si\u0119 mi\u0119dzynarodowym handlem wo\u0142owin\u0105, wieprzowin\u0105 i drobiem. W roku 1995 w\u0142a\u015bciciel firmy wychodz\u0105c naprzeciw zapotrzebowaniom rynkowym, zarejestrowa\u0142 dzia\u0142alno\u015b\u0107 gospodarcz\u0105 w miejscowo\u015bci Kutn read more<\/p>\n","protected":false},"author":1,"featured_media":0,"parent":0,"menu_order":0,"comment_status":"closed","ping_status":"closed","template":"","meta":[],"_links":{"self":[{"href":"https:\/\/akorzeniowska.pl\/index.php?rest_route=\/wp\/v2\/pages\/48"}],"collection":[{"href":"https:\/\/akorzeniowska.pl\/index.php?rest_route=\/wp\/v2\/pages"}],"about":[{"href":"https:\/\/akorzeniowska.pl\/index.php?rest_route=\/wp\/v2\/types\/page"}],"author":[{"embeddable":true,"href":"https:\/\/akorzeniowska.pl\/index.php?rest_route=\/wp\/v2\/users\/1"}],"replies":[{"embeddable":true,"href":"https:\/\/akorzeniowska.pl\/index.php?rest_route=%2Fwp%2Fv2%2Fcomments&post=48"}],"version-history":[{"count":1,"href":"https:\/\/akorzeniowska.pl\/index.php?rest_route=\/wp\/v2\/pages\/48\/revisions"}],"predecessor-version":[{"id":1933,"href":"https:\/\/akorzeniowska.pl\/index.php?rest_route=\/wp\/v2\/pages\/48\/revisions\/1933"}],"wp:attachment":[{"href":"https:\/\/akorzeniowska.pl\/index.php?rest_route=%2Fwp%2Fv2%2Fmedia&parent=48"}],"curies":[{"name":"wp","href":"https:\/\/api.w.org\/{rel}","templated":true}]}}